{"id":19735,"date":"2013-10-07T14:49:12","date_gmt":"2013-10-07T14:49:12","guid":{"rendered":"https:\/\/nutrifit-food.hr\/farmers-tree\/"},"modified":"2024-05-28T16:37:56","modified_gmt":"2024-05-28T16:37:56","slug":"farmers-tree","status":"publish","type":"page","link":"https:\/\/nutrifit-food.hr\/en\/farmers-tree\/","title":{"rendered":"Farmer&#8217;s Tree"},"content":{"rendered":"\t\t<div data-elementor-type=\"wp-page\" data-elementor-id=\"19735\" class=\"elementor elementor-19735 elementor-180\">\n\t\t\t\t\t\t<section class=\"elementor-section elementor-top-section elementor-element elementor-element-4b139243 elementor-section-full_width elementor-section-height-min-height elementor-hidden-desktop elementor-section-stretched elementor-section-height-default elementor-section-items-middle parallax_section_no qode_elementor_container_no\" data-id=\"4b139243\" data-element_type=\"section\" data-settings=\"{&quot;background_background&quot;:&quot;classic&quot;,&quot;stretch_section&quot;:&quot;section-stretched&quot;}\">\n\t\t\t\t\t\t<div class=\"elementor-container elementor-column-gap-default\">\n\t\t\t\t\t<div class=\"elementor-column elementor-col-100 elementor-top-column elementor-element elementor-element-4689d50e\" data-id=\"4689d50e\" data-element_type=\"column\">\n\t\t\t<div class=\"elementor-widget-wrap elementor-element-populated\">\n\t\t\t\t\t\t<div class=\"elementor-element elementor-element-6ca79622 elementor-widget elementor-widget-text-editor\" data-id=\"6ca79622\" data-element_type=\"widget\" data-widget_type=\"text-editor.default\">\n\t\t\t\t<div class=\"elementor-widget-container\">\n\t\t\t\t\t\t\t\t\t<h2>Farmer&#8217;s Tree<\/h2>\n\t\t\t\t\t\t\t\t<\/div>\n\t\t\t\t<\/div>\n\t\t\t\t\t<\/div>\n\t\t<\/div>\n\t\t\t\t\t<\/div>\n\t\t<\/section>\n\t\t\t\t<section class=\"elementor-section elementor-top-section elementor-element elementor-element-35e6c045 elementor-section-full_width elementor-section-height-min-height elementor-section-items-top elementor-section-content-middle elementor-hidden-tablet elementor-hidden-mobile elementor-section-stretched elementor-section-height-default parallax_section_no qode_elementor_container_no\" data-id=\"35e6c045\" data-element_type=\"section\" data-settings=\"{&quot;background_background&quot;:&quot;classic&quot;,&quot;stretch_section&quot;:&quot;section-stretched&quot;}\">\n\t\t\t\t\t\t<div class=\"elementor-container elementor-column-gap-default\">\n\t\t\t\t\t<div class=\"elementor-column elementor-col-50 elementor-top-column elementor-element elementor-element-11fc045a\" data-id=\"11fc045a\" data-element_type=\"column\" data-settings=\"{&quot;background_background&quot;:&quot;classic&quot;}\">\n\t\t\t<div class=\"elementor-widget-wrap elementor-element-populated\">\n\t\t\t\t\t\t<div class=\"elementor-element elementor-element-789cb1e5 elementor-widget elementor-widget-image\" data-id=\"789cb1e5\" data-element_type=\"widget\" data-widget_type=\"image.default\">\n\t\t\t\t<div class=\"elementor-widget-container\">\n\t\t\t\t\t\t\t\t\t\t\t\t\t\t\t<img decoding=\"async\" width=\"69\" height=\"216\" src=\"https:\/\/nutrifit-food.hr\/wp-content\/uploads\/2023\/09\/z_orange.png\" class=\"attachment-large size-large wp-image-19654\" alt=\"Z orange\" \/>\t\t\t\t\t\t\t\t\t\t\t\t\t\t\t<\/div>\n\t\t\t\t<\/div>\n\t\t\t\t\t<\/div>\n\t\t<\/div>\n\t\t\t\t<div class=\"elementor-column elementor-col-50 elementor-top-column elementor-element elementor-element-23d5ce71\" data-id=\"23d5ce71\" data-element_type=\"column\">\n\t\t\t<div class=\"elementor-widget-wrap elementor-element-populated\">\n\t\t\t\t\t\t<div class=\"elementor-element elementor-element-740092b4 elementor-widget elementor-widget-text-editor\" data-id=\"740092b4\" data-element_type=\"widget\" data-widget_type=\"text-editor.default\">\n\t\t\t\t<div class=\"elementor-widget-container\">\n\t\t\t\t\t\t\t\t\t<h2>Farmer&#8217;s Tree<\/h2>\n\t\t\t\t\t\t\t\t<\/div>\n\t\t\t\t<\/div>\n\t\t\t\t\t<\/div>\n\t\t<\/div>\n\t\t\t\t\t<\/div>\n\t\t<\/section>\n\t\t\t\t<section class=\"elementor-section elementor-top-section elementor-element elementor-element-5637ba7c elementor-section-boxed elementor-section-height-default elementor-section-height-default parallax_section_no qode_elementor_container_no\" data-id=\"5637ba7c\" data-element_type=\"section\" data-settings=\"{&quot;background_background&quot;:&quot;classic&quot;}\">\n\t\t\t\t\t\t<div class=\"elementor-container elementor-column-gap-no\">\n\t\t\t\t\t<div class=\"elementor-column elementor-col-100 elementor-top-column elementor-element elementor-element-146ec12d\" data-id=\"146ec12d\" data-element_type=\"column\">\n\t\t\t<div class=\"elementor-widget-wrap elementor-element-populated\">\n\t\t\t\t\t\t<section class=\"elementor-section elementor-inner-section elementor-element elementor-element-d4ab46e elementor-section-boxed elementor-section-height-default elementor-section-height-default parallax_section_no qode_elementor_container_no\" data-id=\"d4ab46e\" data-element_type=\"section\">\n\t\t\t\t\t\t<div class=\"elementor-container elementor-column-gap-default\">\n\t\t\t\t\t<div class=\"elementor-column elementor-col-100 elementor-inner-column elementor-element elementor-element-0037367\" data-id=\"0037367\" data-element_type=\"column\">\n\t\t\t<div class=\"elementor-widget-wrap elementor-element-populated\">\n\t\t\t\t\t\t<div class=\"elementor-element elementor-element-996149e elementor-widget-divider--view-line elementor-widget elementor-widget-divider\" data-id=\"996149e\" data-element_type=\"widget\" data-widget_type=\"divider.default\">\n\t\t\t\t<div class=\"elementor-widget-container\">\n\t\t\t\t\t\t\t<div class=\"elementor-divider\">\n\t\t\t<span class=\"elementor-divider-separator\">\n\t\t\t\t\t\t<\/span>\n\t\t<\/div>\n\t\t\t\t\t\t<\/div>\n\t\t\t\t<\/div>\n\t\t\t\t<div class=\"elementor-element elementor-element-29cccac elementor-widget elementor-widget-text-editor\" data-id=\"29cccac\" data-element_type=\"widget\" data-widget_type=\"text-editor.default\">\n\t\t\t\t<div class=\"elementor-widget-container\">\n\t\t\t\t\t\t\t\t\t<h5>The fruit is hand-picked and our secret of preparation lies in old recipes that ensure high-quality products and preserve the nutritional properties of the fruit.<\/h5>\n\t\t\t\t\t\t\t\t<\/div>\n\t\t\t\t<\/div>\n\t\t\t\t\t<\/div>\n\t\t<\/div>\n\t\t\t\t\t<\/div>\n\t\t<\/section>\n\t\t\t\t<div class=\"elementor-element elementor-element-ee517dd elementor-widget elementor-widget-spacer\" data-id=\"ee517dd\" data-element_type=\"widget\" data-widget_type=\"spacer.default\">\n\t\t\t\t<div class=\"elementor-widget-container\">\n\t\t\t\t\t\t\t<div class=\"elementor-spacer\">\n\t\t\t<div class=\"elementor-spacer-inner\"><\/div>\n\t\t<\/div>\n\t\t\t\t\t\t<\/div>\n\t\t\t\t<\/div>\n\t\t\t\t<div class=\"elementor-element elementor-element-64385945 elementor-widget elementor-widget-bridge_portfolio_list\" data-id=\"64385945\" data-element_type=\"widget\" data-widget_type=\"bridge_portfolio_list.default\">\n\t\t\t\t<div class=\"elementor-widget-container\">\n\t\t\t\t\t<div class='projects_holder_outer v3 portfolio_with_space portfolio_standard'>\n    \n    <div class='filter_outer'>\n        <div class='filter_holder'>\n            <ul>\n                                    <li class='filter' data-filter='all'>                        <span  style='color:#000000'>All<\/span>\n                    <\/li>\n                \n                                                <li class='filter' data-filter='portfolio_category_78'>\n                                                        <span  style='color:#000000'>Extra jam<\/span>\n                                    <\/li>\n            \n            <\/ul>\n        <\/div>\n    <\/div>\n\n    <div class='projects_holder portfolio_main_holder clearfix v3 standard portfolio_full_image portfolio_one_by_one'>\n        \n        <article class='mix portfolio_category_78 default' style=''>\n    \n    \n    \n                <div class='image_holder'>\n                <a itemprop='url' class='portfolio_link_for_touch' href='https:\/\/nutrifit-food.hr\/en\/brand\/plum\/' target=''>\n                    \n<span class='image'><img fetchpriority=\"high\" decoding=\"async\" width=\"600\" height=\"800\" src=\"https:\/\/nutrifit-food.hr\/wp-content\/uploads\/2023\/09\/sljiva_bcg.jpg\" class=\"attachment-full size-full wp-post-image\" alt=\"Sljiva bcg\" srcset=\"https:\/\/nutrifit-food.hr\/wp-content\/uploads\/2023\/09\/sljiva_bcg.jpg 600w, https:\/\/nutrifit-food.hr\/wp-content\/uploads\/2023\/09\/sljiva_bcg-225x300.jpg 225w\" sizes=\"(max-width: 600px) 100vw, 600px\" \/><\/span>                <\/a>\n\n                <span class='text_holder'>\n    <span class='text_outer'>\n        <span class='text_inner'>\n            <span class='feature_holder'>\n                            <span class=\"feature_holder_icons\">';\n                    \n                            <a itemprop='url' class='preview qbutton small white' href='https:\/\/nutrifit-food.hr\/en\/brand\/plum\/' target='_self'>view<\/i><\/a>\n    \n                                            <\/span>\n        <\/span>\n    <\/span>\n<\/span>            <\/div>\n                <div class='portfolio_description ' >\n\n        \n    <h5 itemprop=\"name\" class=\"portfolio_title entry_title\"><a itemprop=\"url\" href=\"https:\/\/nutrifit-food.hr\/en\/brand\/plum\/\"  target=\"_self\"> Plum<\/a><\/h5>\n\n\n        \n            <span class=\"project_category\"  >\n    Extra jam    <\/span>\n\n    <\/div>\n        \n<\/article>\n<article class='mix portfolio_category_78 default' style=''>\n    \n    \n    \n                <div class='image_holder'>\n                <a itemprop='url' class='portfolio_link_for_touch' href='https:\/\/nutrifit-food.hr\/en\/brand\/sour-cherry\/' target=''>\n                    \n<span class='image'><img decoding=\"async\" width=\"600\" height=\"800\" src=\"https:\/\/nutrifit-food.hr\/wp-content\/uploads\/2023\/09\/visnja_bcg.jpg\" class=\"attachment-full size-full wp-post-image\" alt=\"Visnja bcg\" srcset=\"https:\/\/nutrifit-food.hr\/wp-content\/uploads\/2023\/09\/visnja_bcg.jpg 600w, https:\/\/nutrifit-food.hr\/wp-content\/uploads\/2023\/09\/visnja_bcg-225x300.jpg 225w\" sizes=\"(max-width: 600px) 100vw, 600px\" \/><\/span>                <\/a>\n\n                <span class='text_holder'>\n    <span class='text_outer'>\n        <span class='text_inner'>\n            <span class='feature_holder'>\n                            <span class=\"feature_holder_icons\">';\n                    \n                            <a itemprop='url' class='preview qbutton small white' href='https:\/\/nutrifit-food.hr\/en\/brand\/sour-cherry\/' target='_self'>view<\/i><\/a>\n    \n                                            <\/span>\n        <\/span>\n    <\/span>\n<\/span>            <\/div>\n                <div class='portfolio_description ' >\n\n        \n    <h5 itemprop=\"name\" class=\"portfolio_title entry_title\"><a itemprop=\"url\" href=\"https:\/\/nutrifit-food.hr\/en\/brand\/sour-cherry\/\"  target=\"_self\"> Sour cherry<\/a><\/h5>\n\n\n        \n            <span class=\"project_category\"  >\n    Extra jam    <\/span>\n\n    <\/div>\n        \n<\/article>\n<article class='mix portfolio_category_78 default' style=''>\n    \n    \n    \n                <div class='image_holder'>\n                <a itemprop='url' class='portfolio_link_for_touch' href='https:\/\/nutrifit-food.hr\/en\/brand\/strawberry\/' target=''>\n                    \n<span class='image'><img loading=\"lazy\" decoding=\"async\" width=\"600\" height=\"800\" src=\"https:\/\/nutrifit-food.hr\/wp-content\/uploads\/2023\/09\/jagoda_bcg.jpg\" class=\"attachment-full size-full wp-post-image\" alt=\"Jagoda bcg\" srcset=\"https:\/\/nutrifit-food.hr\/wp-content\/uploads\/2023\/09\/jagoda_bcg.jpg 600w, https:\/\/nutrifit-food.hr\/wp-content\/uploads\/2023\/09\/jagoda_bcg-225x300.jpg 225w\" sizes=\"(max-width: 600px) 100vw, 600px\" \/><\/span>                <\/a>\n\n                <span class='text_holder'>\n    <span class='text_outer'>\n        <span class='text_inner'>\n            <span class='feature_holder'>\n                            <span class=\"feature_holder_icons\">';\n                    \n                            <a itemprop='url' class='preview qbutton small white' href='https:\/\/nutrifit-food.hr\/en\/brand\/strawberry\/' target='_self'>view<\/i><\/a>\n    \n                                            <\/span>\n        <\/span>\n    <\/span>\n<\/span>            <\/div>\n                <div class='portfolio_description ' >\n\n        \n    <h5 itemprop=\"name\" class=\"portfolio_title entry_title\"><a itemprop=\"url\" href=\"https:\/\/nutrifit-food.hr\/en\/brand\/strawberry\/\"  target=\"_self\"> Strawberry<\/a><\/h5>\n\n\n        \n            <span class=\"project_category\"  >\n    Extra jam    <\/span>\n\n    <\/div>\n        \n<\/article>\n<article class='mix portfolio_category_78 default' style=''>\n    \n    \n    \n                <div class='image_holder'>\n                <a itemprop='url' class='portfolio_link_for_touch' href='https:\/\/nutrifit-food.hr\/en\/brand\/apricot\/' target=''>\n                    \n<span class='image'><img loading=\"lazy\" decoding=\"async\" width=\"600\" height=\"800\" src=\"https:\/\/nutrifit-food.hr\/wp-content\/uploads\/2023\/09\/marelica_bcg.jpg\" class=\"attachment-full size-full wp-post-image\" alt=\"Marelica bcg\" srcset=\"https:\/\/nutrifit-food.hr\/wp-content\/uploads\/2023\/09\/marelica_bcg.jpg 600w, https:\/\/nutrifit-food.hr\/wp-content\/uploads\/2023\/09\/marelica_bcg-225x300.jpg 225w\" sizes=\"(max-width: 600px) 100vw, 600px\" \/><\/span>                <\/a>\n\n                <span class='text_holder'>\n    <span class='text_outer'>\n        <span class='text_inner'>\n            <span class='feature_holder'>\n                            <span class=\"feature_holder_icons\">';\n                    \n                            <a itemprop='url' class='preview qbutton small white' href='https:\/\/nutrifit-food.hr\/en\/brand\/apricot\/' target='_self'>view<\/i><\/a>\n    \n                                            <\/span>\n        <\/span>\n    <\/span>\n<\/span>            <\/div>\n                <div class='portfolio_description ' >\n\n        \n    <h5 itemprop=\"name\" class=\"portfolio_title entry_title\"><a itemprop=\"url\" href=\"https:\/\/nutrifit-food.hr\/en\/brand\/apricot\/\"  target=\"_self\"> Apricot<\/a><\/h5>\n\n\n        \n            <span class=\"project_category\"  >\n    Extra jam    <\/span>\n\n    <\/div>\n        \n<\/article>\n<article class='mix portfolio_category_78 default' style=''>\n    \n    \n    \n                <div class='image_holder'>\n                <a itemprop='url' class='portfolio_link_for_touch' href='https:\/\/nutrifit-food.hr\/en\/brand\/raspberry\/' target=''>\n                    \n<span class='image'><img loading=\"lazy\" decoding=\"async\" width=\"600\" height=\"800\" src=\"https:\/\/nutrifit-food.hr\/wp-content\/uploads\/2023\/09\/malina_bcg.jpg\" class=\"attachment-full size-full wp-post-image\" alt=\"Malina bcg\" srcset=\"https:\/\/nutrifit-food.hr\/wp-content\/uploads\/2023\/09\/malina_bcg.jpg 600w, https:\/\/nutrifit-food.hr\/wp-content\/uploads\/2023\/09\/malina_bcg-225x300.jpg 225w\" sizes=\"(max-width: 600px) 100vw, 600px\" \/><\/span>                <\/a>\n\n                <span class='text_holder'>\n    <span class='text_outer'>\n        <span class='text_inner'>\n            <span class='feature_holder'>\n                            <span class=\"feature_holder_icons\">';\n                    \n                            <a itemprop='url' class='preview qbutton small white' href='https:\/\/nutrifit-food.hr\/en\/brand\/raspberry\/' target='_self'>view<\/i><\/a>\n    \n                                            <\/span>\n        <\/span>\n    <\/span>\n<\/span>            <\/div>\n                <div class='portfolio_description ' >\n\n        \n    <h5 itemprop=\"name\" class=\"portfolio_title entry_title\"><a itemprop=\"url\" href=\"https:\/\/nutrifit-food.hr\/en\/brand\/raspberry\/\"  target=\"_self\"> Raspberry<\/a><\/h5>\n\n\n        \n            <span class=\"project_category\"  >\n    Extra jam    <\/span>\n\n    <\/div>\n        \n<\/article>\n<article class='mix portfolio_category_78 default' style=''>\n    \n    \n    \n                <div class='image_holder'>\n                <a itemprop='url' class='portfolio_link_for_touch' href='https:\/\/nutrifit-food.hr\/en\/brand\/fig\/' target=''>\n                    \n<span class='image'><img loading=\"lazy\" decoding=\"async\" width=\"600\" height=\"800\" src=\"https:\/\/nutrifit-food.hr\/wp-content\/uploads\/2013\/10\/smokva_bcg.jpg\" class=\"attachment-full size-full wp-post-image\" alt=\"Smokva bcg\" srcset=\"https:\/\/nutrifit-food.hr\/wp-content\/uploads\/2013\/10\/smokva_bcg.jpg 600w, https:\/\/nutrifit-food.hr\/wp-content\/uploads\/2013\/10\/smokva_bcg-225x300.jpg 225w\" sizes=\"(max-width: 600px) 100vw, 600px\" \/><\/span>                <\/a>\n\n                <span class='text_holder'>\n    <span class='text_outer'>\n        <span class='text_inner'>\n            <span class='feature_holder'>\n                            <span class=\"feature_holder_icons\">';\n                    \n                            <a itemprop='url' class='preview qbutton small white' href='https:\/\/nutrifit-food.hr\/en\/brand\/fig\/' target='_self'>view<\/i><\/a>\n    \n                                            <\/span>\n        <\/span>\n    <\/span>\n<\/span>            <\/div>\n                <div class='portfolio_description ' >\n\n        \n    <h5 itemprop=\"name\" class=\"portfolio_title entry_title\"><a itemprop=\"url\" href=\"https:\/\/nutrifit-food.hr\/en\/brand\/fig\/\"  target=\"_self\"> Fig<\/a><\/h5>\n\n\n        \n            <span class=\"project_category\"  >\n    Extra jam    <\/span>\n\n    <\/div>\n        \n<\/article>\n        <div class='filler'><\/div>\n            <div class='filler'><\/div>\n            <div class='filler'><\/div>\n        <\/div>\n\n    \n    <\/div>\t\t\t\t<\/div>\n\t\t\t\t<\/div>\n\t\t\t\t\t<\/div>\n\t\t<\/div>\n\t\t\t\t\t<\/div>\n\t\t<\/section>\n\t\t\t\t<section class=\"elementor-section elementor-top-section elementor-element elementor-element-4171eb1 elementor-section-boxed elementor-section-height-default elementor-section-height-default parallax_section_no qode_elementor_container_no\" data-id=\"4171eb1\" data-element_type=\"section\" data-settings=\"{&quot;background_background&quot;:&quot;classic&quot;}\">\n\t\t\t\t\t\t<div class=\"elementor-container elementor-column-gap-no\">\n\t\t\t\t\t<div class=\"elementor-column elementor-col-100 elementor-top-column elementor-element elementor-element-04a9607\" data-id=\"04a9607\" data-element_type=\"column\" data-settings=\"{&quot;background_background&quot;:&quot;classic&quot;}\">\n\t\t\t<div class=\"elementor-widget-wrap elementor-element-populated\">\n\t\t\t\t\t\t<section class=\"elementor-section elementor-inner-section elementor-element elementor-element-fa118f7 elementor-section-boxed elementor-section-height-default elementor-section-height-default parallax_section_no qode_elementor_container_no\" data-id=\"fa118f7\" data-element_type=\"section\" data-settings=\"{&quot;background_background&quot;:&quot;classic&quot;}\">\n\t\t\t\t\t\t<div class=\"elementor-container elementor-column-gap-default\">\n\t\t\t\t\t<div class=\"elementor-column elementor-col-100 elementor-inner-column elementor-element elementor-element-a3a600b\" data-id=\"a3a600b\" data-element_type=\"column\" data-settings=\"{&quot;background_background&quot;:&quot;classic&quot;}\">\n\t\t\t<div class=\"elementor-widget-wrap elementor-element-populated\">\n\t\t\t\t\t\t<div class=\"elementor-element elementor-element-1378df7 elementor-widget elementor-widget-text-editor\" data-id=\"1378df7\" data-element_type=\"widget\" data-widget_type=\"text-editor.default\">\n\t\t\t\t<div class=\"elementor-widget-container\">\n\t\t\t\t\t\t\t\t\t<h5>We only use natural ingredients without adding preservatives, artificial colours and flavours, resulting in delicious and healthy products.<\/h5>\n\t\t\t\t\t\t\t\t<\/div>\n\t\t\t\t<\/div>\n\t\t\t\t<div class=\"elementor-element elementor-element-094718a elementor-widget-divider--view-line elementor-widget elementor-widget-divider\" data-id=\"094718a\" data-element_type=\"widget\" data-widget_type=\"divider.default\">\n\t\t\t\t<div class=\"elementor-widget-container\">\n\t\t\t\t\t\t\t<div class=\"elementor-divider\">\n\t\t\t<span class=\"elementor-divider-separator\">\n\t\t\t\t\t\t<\/span>\n\t\t<\/div>\n\t\t\t\t\t\t<\/div>\n\t\t\t\t<\/div>\n\t\t\t\t\t<\/div>\n\t\t<\/div>\n\t\t\t\t\t<\/div>\n\t\t<\/section>\n\t\t\t\t\t<\/div>\n\t\t<\/div>\n\t\t\t\t\t<\/div>\n\t\t<\/section>\n\t\t\t\t<section class=\"elementor-section elementor-top-section elementor-element elementor-element-77640f4 elementor-section-full_width elementor-section-stretched elementor-section-height-default elementor-section-height-default parallax_section_no qode_elementor_container_no\" data-id=\"77640f4\" data-element_type=\"section\" data-settings=\"{&quot;stretch_section&quot;:&quot;section-stretched&quot;}\">\n\t\t\t\t\t\t<div class=\"elementor-container elementor-column-gap-default\">\n\t\t\t\t\t<div class=\"elementor-column elementor-col-100 elementor-top-column elementor-element elementor-element-e33d50d\" data-id=\"e33d50d\" data-element_type=\"column\">\n\t\t\t<div class=\"elementor-widget-wrap elementor-element-populated\">\n\t\t\t\t\t\t<div class=\"elementor-element elementor-element-0193f3e elementor-widget elementor-widget-image\" data-id=\"0193f3e\" data-element_type=\"widget\" data-widget_type=\"image.default\">\n\t\t\t\t<div class=\"elementor-widget-container\">\n\t\t\t\t\t\t\t\t\t\t\t\t\t\t\t<img loading=\"lazy\" decoding=\"async\" width=\"2560\" height=\"1151\" src=\"https:\/\/nutrifit-food.hr\/wp-content\/uploads\/2023\/09\/farmerstree-footdownfull-scaled.jpg\" class=\"attachment-full size-full wp-image-19669\" alt=\"Farmerstree footdownfull\" srcset=\"https:\/\/nutrifit-food.hr\/wp-content\/uploads\/2023\/09\/farmerstree-footdownfull-scaled.jpg 2560w, https:\/\/nutrifit-food.hr\/wp-content\/uploads\/2023\/09\/farmerstree-footdownfull-300x135.jpg 300w, https:\/\/nutrifit-food.hr\/wp-content\/uploads\/2023\/09\/farmerstree-footdownfull-1024x460.jpg 1024w, https:\/\/nutrifit-food.hr\/wp-content\/uploads\/2023\/09\/farmerstree-footdownfull-768x345.jpg 768w, https:\/\/nutrifit-food.hr\/wp-content\/uploads\/2023\/09\/farmerstree-footdownfull-1536x691.jpg 1536w, https:\/\/nutrifit-food.hr\/wp-content\/uploads\/2023\/09\/farmerstree-footdownfull-2048x921.jpg 2048w, https:\/\/nutrifit-food.hr\/wp-content\/uploads\/2023\/09\/farmerstree-footdownfull-700x315.jpg 700w\" sizes=\"(max-width: 2560px) 100vw, 2560px\" \/>\t\t\t\t\t\t\t\t\t\t\t\t\t\t\t<\/div>\n\t\t\t\t<\/div>\n\t\t\t\t\t<\/div>\n\t\t<\/div>\n\t\t\t\t\t<\/div>\n\t\t<\/section>\n\t\t\t\t<\/div>\n\t\t","protected":false},"excerpt":{"rendered":"<p>Farmer&#8217;s Tree Farmer&#8217;s Tree The fruit is hand-picked and our secret of preparation lies in old recipes that ensure high-quality products and preserve the nutritional properties of the fruit. All Ekstra d\u017eem Premium namaz &#8216;; view \u0160ljiva Ekstra d\u017eem &#8216;; view Vi\u0161nja Ekstra d\u017eem &#8216;;&#8230;<\/p>\n","protected":false},"author":1,"featured_media":0,"parent":0,"menu_order":0,"comment_status":"closed","ping_status":"closed","template":"","meta":{"slim_seo":{"title":"Fig - Nutrifit FOOD","description":"Growing on the sunny slopes of the Adriatic surrounded by white stone and fresh sea air, fig trees thrive, producing an exceptional fruit. Its richness in sweet"},"footnotes":"","_links_to":"","_links_to_target":""},"class_list":["post-19735","page","type-page","status-publish","hentry"],"_links":{"self":[{"href":"https:\/\/nutrifit-food.hr\/en\/wp-json\/wp\/v2\/pages\/19735","targetHints":{"allow":["GET"]}}],"collection":[{"href":"https:\/\/nutrifit-food.hr\/en\/wp-json\/wp\/v2\/pages"}],"about":[{"href":"https:\/\/nutrifit-food.hr\/en\/wp-json\/wp\/v2\/types\/page"}],"author":[{"embeddable":true,"href":"https:\/\/nutrifit-food.hr\/en\/wp-json\/wp\/v2\/users\/1"}],"replies":[{"embeddable":true,"href":"https:\/\/nutrifit-food.hr\/en\/wp-json\/wp\/v2\/comments?post=19735"}],"version-history":[{"count":1,"href":"https:\/\/nutrifit-food.hr\/en\/wp-json\/wp\/v2\/pages\/19735\/revisions"}],"predecessor-version":[{"id":19736,"href":"https:\/\/nutrifit-food.hr\/en\/wp-json\/wp\/v2\/pages\/19735\/revisions\/19736"}],"wp:attachment":[{"href":"https:\/\/nutrifit-food.hr\/en\/wp-json\/wp\/v2\/media?parent=19735"}],"curies":[{"name":"wp","href":"https:\/\/api.w.org\/{rel}","templated":true}]}}